{"id":7,"date":"2020-11-20T10:47:31","date_gmt":"2020-11-20T10:47:31","guid":{"rendered":"https:\/\/adelinamustcomeback.de\/?page_id=7"},"modified":"2021-10-10T08:22:33","modified_gmt":"2021-10-10T08:22:33","slug":"ueber-uns","status":"publish","type":"page","link":"https:\/\/adelinamustcomeback.de\/?page_id=7","title":{"rendered":"Medienecho"},"content":{"rendered":"<p><span style=\"color: #333333;\">Aktuelle Updates findet ihr auch in underen Social Media Accounts<\/span><\/p>\n<h6><span style=\"color: #333333;\"><a href=\"https:\/\/m.facebook.com\/HilfeHebammeAdelina\/\">Facebook<\/a> und <a href=\"https:\/\/instagram.com\/hilfe.fuer.hebamme.adelina?igshid=j84mj2bxfka4\">Instragram<\/a><\/span><\/h6>\n<hr \/>\n<p><a href=\"https:\/\/adelinamustcomeback.de\/wp-content\/uploads\/2021\/10\/SZ-Dresden_S.8_021-10-09.pdf\">www.s\u00e4chsische.de<\/a><\/p>\n<p data-wp-editing=\"1\"><a href=\"https:\/\/adelinamustcomeback.de\/wp-content\/uploads\/2021\/10\/SZ-Dresden_S.8_021-10-09.pdf\"><img decoding=\"async\" loading=\"lazy\" class=\"alignnone size-large wp-image-161\" src=\"https:\/\/adelinamustcomeback.de\/wp-content\/uploads\/2021\/10\/sz2021-899x1024.jpg\" alt=\"\" width=\"580\" height=\"661\" srcset=\"https:\/\/adelinamustcomeback.de\/wp-content\/uploads\/2021\/10\/sz2021-899x1024.jpg 899w, https:\/\/adelinamustcomeback.de\/wp-content\/uploads\/2021\/10\/sz2021-264x300.jpg 264w, https:\/\/adelinamustcomeback.de\/wp-content\/uploads\/2021\/10\/sz2021-768x874.jpg 768w, https:\/\/adelinamustcomeback.de\/wp-content\/uploads\/2021\/10\/sz2021-1349x1536.jpg 1349w, https:\/\/adelinamustcomeback.de\/wp-content\/uploads\/2021\/10\/sz2021-1799x2048.jpg 1799w, https:\/\/adelinamustcomeback.de\/wp-content\/uploads\/2021\/10\/sz2021-1200x1366.jpg 1200w, https:\/\/adelinamustcomeback.de\/wp-content\/uploads\/2021\/10\/sz2021-1980x2254.jpg 1980w, https:\/\/adelinamustcomeback.de\/wp-content\/uploads\/2021\/10\/sz2021.jpg 2000w\" sizes=\"(max-width: 580px) 100vw, 580px\" \/><\/a><\/p>\n<p><a href=\"https:\/\/www.tag24.de\/leipzig\/kultur-leute\/nach-abschiebung-in-den-kosovo-leipziger-hebamme-durfte-wieder-nach-deutschland-einreisen-2144343\">Tag24<\/a><\/p>\n<p><img decoding=\"async\" loading=\"lazy\" class=\"https:\/\/www.tag24.de\/leipzig\/kultur-leute\/nach-abschiebung-in-den-kosovo-leipziger-hebamme-durfte-wieder-nach-deutschland-einreisen-2144343 alignnone wp-image-149 size-full\" src=\"https:\/\/adelinamustcomeback.de\/wp-content\/uploads\/2021\/10\/tag24a.jpg\" alt=\"\" width=\"968\" height=\"651\" srcset=\"https:\/\/adelinamustcomeback.de\/wp-content\/uploads\/2021\/10\/tag24a.jpg 968w, https:\/\/adelinamustcomeback.de\/wp-content\/uploads\/2021\/10\/tag24a-300x202.jpg 300w, https:\/\/adelinamustcomeback.de\/wp-content\/uploads\/2021\/10\/tag24a-768x516.jpg 768w\" sizes=\"(max-width: 767px) 89vw, (max-width: 1000px) 54vw, (max-width: 1071px) 543px, 580px\" \/><\/p>\n<p><a href=\"https:\/\/www.l-iz.de\/politik\/engagement\/2021\/10\/dank-an-die-vielen-unterstuetzer-hebamme-adelina-ist-wieder-in-leipzig-und-hat-die-wichtigste-pruefung-bestanden-413409\">LZ-Leipziger Zeitung<\/a><\/p>\n<p><a href=\"https:\/\/www.l-iz.de\/politik\/engagement\/2021\/10\/dank-an-die-vielen-unterstuetzer-hebamme-adelina-ist-wieder-in-leipzig-und-hat-die-wichtigste-pruefung-bestanden-413409\"><img decoding=\"async\" loading=\"lazy\" class=\"https:\/\/www.l-iz.de\/politik\/engagement\/2021\/10\/dank-an-die-vielen-unterstuetzer-hebamme-adelina-ist-wieder-in-leipzig-und-hat-die-wichtigste-pruefung-bestanden-413409 alignnone wp-image-144 size-large\" src=\"https:\/\/adelinamustcomeback.de\/wp-content\/uploads\/2021\/10\/LVZ2021a-1024x719.jpg\" alt=\"\" width=\"580\" height=\"407\" srcset=\"https:\/\/adelinamustcomeback.de\/wp-content\/uploads\/2021\/10\/LVZ2021a-1024x719.jpg 1024w, https:\/\/adelinamustcomeback.de\/wp-content\/uploads\/2021\/10\/LVZ2021a-300x211.jpg 300w, https:\/\/adelinamustcomeback.de\/wp-content\/uploads\/2021\/10\/LVZ2021a-768x539.jpg 768w, https:\/\/adelinamustcomeback.de\/wp-content\/uploads\/2021\/10\/LVZ2021a-1200x843.jpg 1200w, https:\/\/adelinamustcomeback.de\/wp-content\/uploads\/2021\/10\/LVZ2021a.jpg 1226w\" sizes=\"(max-width: 580px) 100vw, 580px\" \/><\/a><\/p>\n<p><a href=\"https:\/\/www.facebook.com\/brisant\/videos\/hebamme-in-den-kosovo-abgeschoben\/4770201583049965\/\">ARD-Brisant-Beitrag<\/a><a href=\"https:\/\/www.ardmediathek.de\/ard\/video\/brisant\/abgeschoben-unterstuetzer-kaempfen-fuer-hebamme-adelina\/das-erste\/Y3JpZDovL21kci5kZS9iZWl0cmFnL2Ntcy9jM2Q3Zjg5ZC1kNzQyLTRmMTMtOWJlOS1kZDQxNTVlNzhkMmU\/\"><img decoding=\"async\" loading=\"lazy\" class=\"https:\/\/www.facebook.com\/brisant\/videos\/hebamme-in-den-kosovo-abgeschoben\/4770201583049965\/ alignnone wp-image-129 size-full\" src=\"https:\/\/adelinamustcomeback.de\/wp-content\/uploads\/2020\/12\/ard.jpg\" alt=\"\" width=\"650\" height=\"434\" srcset=\"https:\/\/adelinamustcomeback.de\/wp-content\/uploads\/2020\/12\/ard.jpg 650w, https:\/\/adelinamustcomeback.de\/wp-content\/uploads\/2020\/12\/ard-300x200.jpg 300w\" sizes=\"(max-width: 650px) 100vw, 650px\" \/><\/a>Die gr\u00f6\u00dfte Community f\u00fcr M\u00fctter www.echtemamas.de schreibt folgenden Artikel:<a href=\"https:\/\/www.echtemamas.de\/hebamme-adelina-abgeschoben-mamas-kaempfen-fuer-ihre-rueckkehr\/\"><img decoding=\"async\" loading=\"lazy\" class=\"alignnone size-full wp-image-123\" src=\"https:\/\/adelinamustcomeback.de\/wp-content\/uploads\/2020\/11\/mamas.jpg\" alt=\"\" width=\"500\" height=\"525\" srcset=\"https:\/\/adelinamustcomeback.de\/wp-content\/uploads\/2020\/11\/mamas.jpg 500w, https:\/\/adelinamustcomeback.de\/wp-content\/uploads\/2020\/11\/mamas-286x300.jpg 286w\" sizes=\"(max-width: 500px) 100vw, 500px\" \/><\/a>Sat1 Fr\u00fchst\u00fccksfernsehen unterst\u00fctzte unsere Initiative mit folgenden Bericht am 25.11.2020:<\/p>\n<p><a href=\"https:\/\/www.sat1.de\/tv\/fruehstuecksfernsehen\/video\/2020230-der-kampf-gegen-die-abschiebung-clip\"><img decoding=\"async\" loading=\"lazy\" class=\"alignnone size-full wp-image-118\" src=\"https:\/\/adelinamustcomeback.de\/wp-content\/uploads\/2020\/11\/sat1.jpg\" alt=\"\" width=\"500\" height=\"528\" srcset=\"https:\/\/adelinamustcomeback.de\/wp-content\/uploads\/2020\/11\/sat1.jpg 500w, https:\/\/adelinamustcomeback.de\/wp-content\/uploads\/2020\/11\/sat1-284x300.jpg 284w\" sizes=\"(max-width: 500px) 100vw, 500px\" \/><\/a>In diversen Zeitungen wurde \u00fcber das Schicksal Adelinas berichtet, auch da werden wir unterst\u00fctzt.<\/p>\n<p><img decoding=\"async\" loading=\"lazy\" class=\"alignnone size-large wp-image-127\" src=\"https:\/\/adelinamustcomeback.de\/wp-content\/uploads\/2020\/11\/IMG-20201126-WA0018-1024x769.jpg\" alt=\"\" width=\"580\" height=\"436\" srcset=\"https:\/\/adelinamustcomeback.de\/wp-content\/uploads\/2020\/11\/IMG-20201126-WA0018-1024x769.jpg 1024w, https:\/\/adelinamustcomeback.de\/wp-content\/uploads\/2020\/11\/IMG-20201126-WA0018-300x225.jpg 300w, https:\/\/adelinamustcomeback.de\/wp-content\/uploads\/2020\/11\/IMG-20201126-WA0018-768x577.jpg 768w, https:\/\/adelinamustcomeback.de\/wp-content\/uploads\/2020\/11\/IMG-20201126-WA0018.jpg 1059w\" sizes=\"(max-width: 580px) 100vw, 580px\" \/><\/p>\n<p><a href=\"https:\/\/www.lvz.de\/Leipzig\/Lokales\/Leipziger-Hebamme-Adelina-Ajeti-in-den-Kosovo-abgeschoben\"><img decoding=\"async\" loading=\"lazy\" class=\"alignnone size-full wp-image-120\" src=\"https:\/\/adelinamustcomeback.de\/wp-content\/uploads\/2020\/11\/LVZ.jpg\" alt=\"\" width=\"500\" height=\"427\" srcset=\"https:\/\/adelinamustcomeback.de\/wp-content\/uploads\/2020\/11\/LVZ.jpg 500w, https:\/\/adelinamustcomeback.de\/wp-content\/uploads\/2020\/11\/LVZ-300x256.jpg 300w\" sizes=\"(max-width: 500px) 100vw, 500px\" \/>Leipziger Volkszeitung vom 25.11.2020<\/a><\/p>\n<p><a href=\"https:\/\/www.bild.de\/bild-plus\/regional\/leipzig\/leipzig-news\/leipzig-abschiebe-wut-um-hebamme-adelina-74057176.bild.html\"><img decoding=\"async\" loading=\"lazy\" class=\"alignnone size-full wp-image-109\" src=\"https:\/\/adelinamustcomeback.de\/wp-content\/uploads\/2020\/11\/Bildz1.jpg\" alt=\"\" width=\"500\" height=\"368\" srcset=\"https:\/\/adelinamustcomeback.de\/wp-content\/uploads\/2020\/11\/Bildz1.jpg 500w, https:\/\/adelinamustcomeback.de\/wp-content\/uploads\/2020\/11\/Bildz1-300x221.jpg 300w\" sizes=\"(max-width: 500px) 100vw, 500px\" \/><\/a><\/p>\n<p><a href=\"https:\/\/m.bild.de\/bild-plus\/regional\/leipzig\/leipzig-news\/leipzig-abschiebe-wut-um-hebamme-adelina-74057176.bildMobile.html\" target=\"_blank\" rel=\"noopener noreferrer\">Bild-Zeitung vom 21.11.2020<\/a><\/p>\n<p><a href=\"https:\/\/www.tag24.de\/leipzig\/lokales\/leipziger-hebamme-wird-in-den-kosovo-abgeschoben-dagegen-regt-sich-protest-1730574\" target=\"_blank\" rel=\"noopener noreferrer\"><img decoding=\"async\" loading=\"lazy\" class=\"alignnone size-full wp-image-114\" src=\"https:\/\/adelinamustcomeback.de\/wp-content\/uploads\/2020\/11\/tag24.jpg\" alt=\"\" width=\"500\" height=\"406\" srcset=\"https:\/\/adelinamustcomeback.de\/wp-content\/uploads\/2020\/11\/tag24.jpg 500w, https:\/\/adelinamustcomeback.de\/wp-content\/uploads\/2020\/11\/tag24-300x244.jpg 300w\" sizes=\"(max-width: 500px) 100vw, 500px\" \/><\/a><\/p>\n<p><a href=\"https:\/\/www.tag24.de\/leipzig\/lokales\/leipziger-hebamme-wird-in-den-kosovo-abgeschoben-dagegen-regt-sich-protest-1730574\" target=\"_blank\" rel=\"noopener noreferrer\">Tag24\u00a0 vom 23.11.2020<\/a><\/p>\n<p><a href=\"https:\/\/www.l-iz.de\/leben\/gesellschaft\/2020\/11\/Chemnitzer-Auslaenderbehoerde-laesst-ueber-Nacht-Leipziger-Hebamme-abschieben-360410\" target=\"_blank\" rel=\"noopener noreferrer\"><img decoding=\"async\" loading=\"lazy\" class=\"alignnone size-full wp-image-112\" src=\"https:\/\/adelinamustcomeback.de\/wp-content\/uploads\/2020\/11\/LeipzI.jpg\" alt=\"\" width=\"500\" height=\"420\" srcset=\"https:\/\/adelinamustcomeback.de\/wp-content\/uploads\/2020\/11\/LeipzI.jpg 500w, https:\/\/adelinamustcomeback.de\/wp-content\/uploads\/2020\/11\/LeipzI-300x252.jpg 300w\" sizes=\"(max-width: 500px) 100vw, 500px\" \/><\/a><a href=\"https:\/\/www.l-iz.de\/leben\/gesellschaft\/2020\/11\/Chemnitzer-Auslaenderbehoerde-laesst-ueber-Nacht-Leipziger-Hebamme-abschieben-360410\" target=\"_blank\" rel=\"noopener noreferrer\">Leipziger Internet Zeitung vom 23.11.2020<\/a><\/p>\n<p><a href=\"https:\/\/www.glonaabot.de\/einschlagige-artikel\/leipzig-abschiebe-wut-um-hebamme-adelina\" target=\"_blank\" rel=\"noopener noreferrer\">Glonaabot, vom 23.11.2020<\/a><\/p>\n<p><a href=\"https:\/\/headtopics.com\/de\/leipzig-abschiebe-wut-um-hebamme-adelina-16983026\" target=\"_blank\" rel=\"noopener noreferrer\">Headtopics, vom 23.11.2020<\/a><\/p>\n","protected":false},"excerpt":{"rendered":"<p>Aktuelle Updates findet ihr auch in underen Social Media Accounts Facebook und Instragram www.s\u00e4chsische.de Tag24 LZ-Leipziger Zeitung ARD-Brisant-BeitragDie gr\u00f6\u00dfte Community f\u00fcr M\u00fctter www.echtemamas.de schreibt folgenden Artikel:Sat1 Fr\u00fchst\u00fccksfernsehen unterst\u00fctzte unsere Initiative mit folgenden Bericht am 25.11.2020: In diversen Zeitungen wurde \u00fcber das Schicksal Adelinas berichtet, auch da werden wir unterst\u00fctzt. Leipziger Volkszeitung vom 25.11.2020 Bild-Zeitung vom &hellip; <\/p>\n<p class=\"link-more\"><a href=\"https:\/\/adelinamustcomeback.de\/?page_id=7\" class=\"more-link\"><span class=\"screen-reader-text\">\u201eMedienecho\u201c<\/span> weiterlesen<\/a><\/p>\n","protected":false},"author":1,"featured_media":75,"parent":0,"menu_order":0,"comment_status":"closed","ping_status":"closed","template":"","meta":{"_mi_skip_tracking":false},"_links":{"self":[{"href":"https:\/\/adelinamustcomeback.de\/index.php?rest_route=\/wp\/v2\/pages\/7"}],"collection":[{"href":"https:\/\/adelinamustcomeback.de\/index.php?rest_route=\/wp\/v2\/pages"}],"about":[{"href":"https:\/\/adelinamustcomeback.de\/index.php?rest_route=\/wp\/v2\/types\/page"}],"author":[{"embeddable":true,"href":"https:\/\/adelinamustcomeback.de\/index.php?rest_route=\/wp\/v2\/users\/1"}],"replies":[{"embeddable":true,"href":"https:\/\/adelinamustcomeback.de\/index.php?rest_route=%2Fwp%2Fv2%2Fcomments&post=7"}],"version-history":[{"count":34,"href":"https:\/\/adelinamustcomeback.de\/index.php?rest_route=\/wp\/v2\/pages\/7\/revisions"}],"predecessor-version":[{"id":165,"href":"https:\/\/adelinamustcomeback.de\/index.php?rest_route=\/wp\/v2\/pages\/7\/revisions\/165"}],"wp:featuredmedia":[{"embeddable":true,"href":"https:\/\/adelinamustcomeback.de\/index.php?rest_route=\/wp\/v2\/media\/75"}],"wp:attachment":[{"href":"https:\/\/adelinamustcomeback.de\/index.php?rest_route=%2Fwp%2Fv2%2Fmedia&parent=7"}],"curies":[{"name":"wp","href":"https:\/\/api.w.org\/{rel}","templated":true}]}}