{"id":6,"date":"2020-11-20T10:47:31","date_gmt":"2020-11-20T10:47:31","guid":{"rendered":"https:\/\/adelinamustcomeback.de\/?page_id=6"},"modified":"2021-10-04T13:11:03","modified_gmt":"2021-10-04T13:11:03","slug":"the-new-umoma-opens-its-doors-2","status":"publish","type":"page","link":"https:\/\/adelinamustcomeback.de\/","title":{"rendered":"Adelina"},"content":{"rendered":"\r\n<div class=\"is-layout-flow wp-block-group alignwide\">\r\n<div class=\"wp-block-group__inner-container\"><\/div>\r\n<\/div>\r\n\r\n\r\n\r\n<div class=\"is-layout-flex wp-container-6 wp-block-columns alignwide\">\r\n<div class=\"is-layout-flow wp-block-column\">\r\n<div class=\"is-layout-flow wp-block-group\">\r\n<div class=\"wp-block-group__inner-container\">\r\n<div class=\"wp-block-button is-style-outline\">\r\n<div dir=\"ltr\">\r\n<p><span style=\"color: #333333;\">ADELINA IST HEBAMME. Ein Beruf der dringend Fachkr\u00e4fte braucht!<\/span><\/p>\r\n<p><span style=\"color: #333333;\">Am 17.11.2020 gegen 02:00 Uhr in der Nacht wurden Adelina und ihr Ehemann von der Polizei zu Hause abgeholt, direkt zum Flughafen gebracht und in den Kosovo abgeschoben.<\/span><\/p>\r\n<p><span style=\"color: #333333;\">Wir forderten eine sofortige R\u00fcckholung von Adelina und ihrem Ehemann. Ihr Fehlen bedroht mehrere dutzend Kinder, Frauen und ganze Familien.<\/span><\/p>\r\n<p><span style=\"color: #333333;\">Bitte helft uns, Adelina zur\u00fcck nach Hause zu holen.<\/span><\/p>\r\n<h6><a href=\"https:\/\/www.betterplace.me\/hilfe-fuer-hebamme-adelina?utm_campaign=user_share&amp;utm_medium=campaign_sticky_facebook&amp;utm_source=Facebook&amp;__FB_PRIVATE_TRACKING__=%7B%22loggedout_browser_id%22%3A%22797089fe674297a7a437a79499860414761a7eff%22%7D&amp;fbclid=IwAR2aesEfZc-RTS6wOj7Vbc5SZKp06SsXlsSpJujUqpE99MhtRsF3g4Xx7XE\"><strong>Spende-Hilfe F\u00fcr Hebamme Adelina<\/strong><\/a><\/h6>\r\n<p><span style=\"color: #333333;\"><strong>ES GIBT NEUIGKEITEN <\/strong><\/span><\/p>\r\n<p><span style=\"color: #333333;\">September 2021<\/span><\/p>\r\n<p><span style=\"color: #333333;\">Nachdem Adelina im August wieder nach Deutschland kommen durfte, hat Sie diese Woche den wohl wichtigsten Meilenstein erreicht. Sie hat die Kenntnispr\u00fcfung bestanden und somit die Anerkennung ihres Bachelors of Midwifery erhalten. Da Adelina nun als Hebamme hier arbeiten kann, k\u00f6nnten wir also bald von einem <strong>Happy End<\/strong> sprechen, <strong>allerdings auch erst bald<\/strong>.<\/span><\/p>\r\n<p><span style=\"color: #333333;\">Aber beginnen wir mit der Geschichte von vorne:<\/span><\/p>\r\n<p><span style=\"color: #333333;\">Nach der Abschiebung am 17. November 2020 war klar, dass Adelina und ihr Mann Gezim zur\u00fcck nach Deutschland kommen wollen, die Lebensumst\u00e4nde im Kosovo waren f\u00fcr beide katastrophal.<\/span><\/p>\r\n<p><span style=\"color: #333333;\">Aufgrund des gro\u00dfen Engagements entstand ausreichend mediale Aufmerksamkeit, um bei verschiedenen politischen Akteure Interesse zu erwecken und Unterst\u00fctzung zu erhalten. Dies, sowie die Arbeit der neu beauftragten Anw\u00e4ltin, ebneten den Weg zur Wiedereinreise. Leider mussten wir feststellen, dass eine Einreise \u00fcber die Westbalkanregelung nicht m\u00f6glich sein w\u00fcrde, da Adelina und Gezim aufgrund ihres 2016 gestellten Asylantrags daf\u00fcr nicht alle Anforderungen erf\u00fcllten. Die einzige verbleibende Option stellte eine Wiedereinreise \u00fcber das Fachkr\u00e4fteeinwanderungsgesetz entsprechend \u00a716 Abs. 5 AufenthG \u201eEinreise zur Berufsanerkennung\u201c dar.<\/span><\/p>\r\n<p><span style=\"color: #333333;\">Bereits im Jahr 2016 hatte Adelina ihre Unterlagen f\u00fcr die Berufsanerkennung eingereicht. Anfang 2017 kam dann der Bescheid, dass ein Anpassungslehrgang (\u00a716d Abs. 1 AufenthG) in Adelinas Fall von 16 Monate Dauer oder eine Kenntnispr\u00fcfung (\u00a716d Abs. 5 AufenthG) f\u00fcr die Anerkennung m\u00f6glich seien. Seit Anfang 2017 stand Adelina auf s\u00e4mtlichen Wartelisten f\u00fcr einen Lehrgang, sie wurde jedoch immer wieder auf das folgende Jahr vertr\u00f6stet, bis im f\u00fcnften Jahr des Aufenthaltes die Abschiebung erfolgte.<\/span><\/p>\r\n<p><span style=\"color: #333333;\">Wir mussten nun also eine L\u00f6sung finden, dass Adelina tats\u00e4chlich die geforderte Anerkennungspr\u00fcfung ablegen kann.<\/span><\/p>\r\n<p><span style=\"color: #333333;\">Schnell stand fest: Adelina will die Kenntnispr\u00fcfung ablegen. Dies ist entsprechend der Ausbildungs- und Pr\u00fcfungsverordnung f\u00fcr Hebammen und Entbindungspfleger kein Hexenwerk. Unter dem \u00a716b Abs. 3 HebAPrV \u201eAnerkennungsregelungen f\u00fcr Ausbildungsnachweise aus einem Drittstaat\u201c ist geregelt, dass die Pr\u00fcfung aus einem m\u00fcndlichen und praktischen Teil besteht. Die m\u00fcndliche Pr\u00fcfung dauert 15 bis 60 Minuten und es werden Fragen zu Berufs- und Gesetzeskunde, Gesundheitslehre, Hygiene und Geburtshilfe sowie spezielle Arzneimittellehre gepr\u00fcft. Der praktische Teil l\u00e4sst sich nochmal in eine Patientenpr\u00fcfung und eine Entbindungssimulation unterteilen. Die Patientenpr\u00fcfung beinhaltet eine Schwangerschaftsvorsorge und\/oder eine W\u00f6chnerinnenpflege und\/oder eine S\u00e4uglingspflege von jeweils maximal 60 Minuten. Die Entbindungssimulation findet anhand von vorgegeben Befunden statt und dauert maximal 120 Minuten. Adelina traute sich diese Pr\u00fcfung zu.<\/span><\/p>\r\n<p><span style=\"color: #333333;\">Aber das Problem bestand weiterhin: keine der zust\u00e4ndigen Institutionen erkl\u00e4rte sich dazu bereit die Pr\u00fcfung abzunehmen, die Ausreden waren teilweise grotesk. Nur dank dem Engagement einiger Politikerinnen und Politiker hat sich schlussendlich eine Pr\u00fcfungskommission zur Abnahme der Pr\u00fcfung gefunden. So hat es bis Juni 2021 gedauert, bis tats\u00e4chlich die Best\u00e4tigung kam, dass die Kenntnispr\u00fcfung abgenommen wird.<\/span><\/p>\r\n<p><span style=\"color: #333333;\">Mit der Bescheinigung konnte dann endlich der Antrag f\u00fcr die Wiedereinreise gestellt werden. Wir haben uns dazu entschieden, das neue beschleunigte Fachkr\u00e4fteverfahren nach \u00a781 AufenthG zu nutzen, um eine zirka zweij\u00e4hrige Wartezeit f\u00fcr einen Botschaftstermin zu umgehen. Bei dem beschleunigten Verfahren erh\u00e4lt der Arbeitgeber die Vollmacht alle Unterlagen einzureichen. Die zust\u00e4ndige Ausl\u00e4nderbeh\u00f6rde erteilt sodann eine Vorabzustimmung und die antragstellende Person bekommt innerhalb von drei Wochen einen Termin in der Botschaft f\u00fcr die Vergabe des Visums. Die Ausl\u00e4nderbeh\u00f6rde Leipzig hat uns bei diesem Prozess sehr gut unterst\u00fctzt.<\/span><\/p>\r\n<p><span style=\"color: #333333;\">Aber es blieb das Problem mit der Einreisesperre von Gezim und Adelina. Da Adelina die Fachkraft ist, wurde uns geraten zun\u00e4chst nur die Wiedereinreise f\u00fcr Adelina zu beantragen. Das hei\u00dft, sie muss zun\u00e4chst allein nach Deutschland kommen und erst nach bestandener Kenntnispr\u00fcfung k\u00f6nnten wir auch den Antrag f\u00fcr Gezim stellen. Das ist leider auch der Grund, warum wir noch nicht von einem finalen Happy End sprechen k\u00f6nnen, denn Gezim ist weiterhin im Kosovo. Dem Widerspruch, dass die ausgegebene Einreisesperre der Zentralen Ausl\u00e4nderbeh\u00f6rde Sachsens rechtswidrig sei, wurde stattgegeben. Am 28. Juni wurde ihre Einreisesperre endg\u00fcltig aufgehoben. Leider wurde die deutsche Botschaft im Kosovo nicht \u00fcber das Aufheben der Einreisesperre informiert und Adelinas Visumsantrag wurde zun\u00e4chst abgelehnt. Nach l\u00e4ngerem hin und her und vielen Verz\u00f6gerungen wurde ihr dann doch im August 2021 ein Visum bzw. eine Aufenthaltserlaubnis zum Ablegen der Pr\u00fcfung zur Anerkennung ihrer ausl\u00e4ndischen Berufsqualifikation erteilt. Dies ist nur ein Bespiel daf\u00fcr, was im Laufe der vergangenen Wochen und Monate schiefgelaufen ist sowie wertvolle Zeit und Geld gekostet hat. Wir haben irgendwann festgestellt, dass jeder Stolperstein, der kommen konnte, uns auch tats\u00e4chlich in den Weg gefallen ist, aber mit vereinten Kr\u00e4ften haben wir es geschafft, diese zu beseitigen.<\/span><\/p>\r\n<p><span style=\"color: #333333;\">Adelina ist nun seit wenigen Wochen wieder in Deutschland. Sie hat sich intensiv auf die Kenntnispr\u00fcfung vorbereitet und schlie\u00dflich direkt bestanden!<\/span><\/p>\r\n<p><span style=\"color: #333333;\">Damit kann sie den Antrag f\u00fcr eine Aufenthaltsgenehmigung stellen und hoffentlich dauerhaft in Deutschland bleiben.<\/span><\/p>\r\n<p><span style=\"color: #333333;\">Der Schl\u00fcssel zum Erfolg war die enorme Spendenbereitschaft. Ohne das Geld h\u00e4tte Adelina weder die Anwaltskosten, Pr\u00fcfungsgeb\u00fchr, laufende Kosten oder \u00c4hnliches stemmen k\u00f6nnen, denn wir sind mittlerweile bei Kosten in f\u00fcnfstelliger H\u00f6he angelangt. Deswegen ein riesiges Dankesch\u00f6n an alle Unterst\u00fctzerinnen und Unterst\u00fctzer! Wir hoffen inst\u00e4ndig, dass auch die Wiedereinreise von Gezim mit Hilfe der Spendengelder finanziert werden kann.<\/span><\/p>\r\n<p><span style=\"color: #333333;\">Das war ein grober \u00dcberblick der letzten Monate. Wir haben irgendwann aufgeh\u00f6rt zu z\u00e4hlen, wie viele Antr\u00e4ge ausgef\u00fcllt werden mussten und was nicht alles erst im zweiten oder dritten Anlauf funktioniert hat.<\/span><\/p>\r\n<p>Wir freuen uns, wenn ihr dazu beitragt, dass das finale Happy End erreicht wird und auch Adelina\u2018s Mann Gezim nach Deutschland einreisen darf.<\/p>\r\n<p><span style=\"color: #333333;\"><strong>Wir sind f\u00fcr jede <a href=\"https:\/\/www.betterplace.me\/hilfe-fuer-hebamme-adelina?utm_campaign=user_share&amp;utm_medium=campaign_sticky_facebook&amp;utm_source=Facebook&amp;__FB_PRIVATE_TRACKING__=%7B%22loggedout_browser_id%22%3A%22797089fe674297a7a437a79499860414761a7eff%22%7D&amp;fbclid=IwAR2aesEfZc-RTS6wOj7Vbc5SZKp06SsXlsSpJujUqpE99MhtRsF3g4Xx7XE\" target=\"_blank\" rel=\"noopener noreferrer\">Spende<\/a> dankbar.<\/strong>\u00a0<\/span><\/p>\r\n<p><strong><span style=\"color: #333333;\">Auch wurde von uns eine<\/span> <a href=\"https:\/\/www.openpetition.de\/petition\/online\/hilfe-fuer-hebamme-adelina?fbclid=IwAR12PAnfqk8srv_OqLoOBDBVbcyOwkV2c04_DQsdw1taAg6mIhY8RwbzYFA\" target=\"_blank\" rel=\"noopener noreferrer\">Onlinepetition<\/a> <span style=\"color: #333333;\">gestartet. Dankbar sind wir f\u00fcr jeden der uns mit seiner Unterschrift unterst\u00fctzt.<\/span><\/strong><\/p>\r\n<p><span style=\"color: #333333;\">Mit freundlichen Gr\u00fc\u00dfen<\/span><\/p>\r\n<p><span style=\"color: #333333;\">Die Patienten, Freunde und Unterst\u00fctzer von Adelina<\/span><img decoding=\"async\" loading=\"lazy\" class=\"alignnone wp-image-77 size-medium\" src=\"https:\/\/adelinamustcomeback.de\/wp-content\/uploads\/2020\/11\/6adelina-225x300.jpg\" alt=\"\" width=\"225\" height=\"300\" srcset=\"https:\/\/adelinamustcomeback.de\/wp-content\/uploads\/2020\/11\/6adelina-225x300.jpg 225w, https:\/\/adelinamustcomeback.de\/wp-content\/uploads\/2020\/11\/6adelina.jpg 768w\" sizes=\"(max-width: 225px) 100vw, 225px\" \/><\/p>\r\n<\/div>\r\n<div dir=\"ltr\"><span style=\"color: #333333;\">Aktuelle Updates findet ihr in unseren Social Media Accounts<\/span><\/div>\r\n<div dir=\"ltr\"><span style=\"color: #333333;\">Facebook und Instragram<\/span><\/div>\r\n<div dir=\"ltr\">\u00a0<\/div>\r\n<\/div>\r\n<\/div>\r\n<\/div>\r\n\r\n\r\n<\/div>\r\n\r\n\r\n<\/div>\r\n\r\n\r\n\r\n\r\n\r\n\r\n\r\n\r\n\r\n\r\n\r\n\r\n","protected":false},"excerpt":{"rendered":"","protected":false},"author":1,"featured_media":55,"parent":0,"menu_order":0,"comment_status":"closed","ping_status":"closed","template":"","meta":{"_mi_skip_tracking":false},"_links":{"self":[{"href":"https:\/\/adelinamustcomeback.de\/index.php?rest_route=\/wp\/v2\/pages\/6"}],"collection":[{"href":"https:\/\/adelinamustcomeback.de\/index.php?rest_route=\/wp\/v2\/pages"}],"about":[{"href":"https:\/\/adelinamustcomeback.de\/index.php?rest_route=\/wp\/v2\/types\/page"}],"author":[{"embeddable":true,"href":"https:\/\/adelinamustcomeback.de\/index.php?rest_route=\/wp\/v2\/users\/1"}],"replies":[{"embeddable":true,"href":"https:\/\/adelinamustcomeback.de\/index.php?rest_route=%2Fwp%2Fv2%2Fcomments&post=6"}],"version-history":[{"count":43,"href":"https:\/\/adelinamustcomeback.de\/index.php?rest_route=\/wp\/v2\/pages\/6\/revisions"}],"predecessor-version":[{"id":159,"href":"https:\/\/adelinamustcomeback.de\/index.php?rest_route=\/wp\/v2\/pages\/6\/revisions\/159"}],"wp:featuredmedia":[{"embeddable":true,"href":"https:\/\/adelinamustcomeback.de\/index.php?rest_route=\/wp\/v2\/media\/55"}],"wp:attachment":[{"href":"https:\/\/adelinamustcomeback.de\/index.php?rest_route=%2Fwp%2Fv2%2Fmedia&parent=6"}],"curies":[{"name":"wp","href":"https:\/\/api.w.org\/{rel}","templated":true}]}}