{"id":38,"date":"2020-11-20T14:05:13","date_gmt":"2020-11-20T14:05:13","guid":{"rendered":"https:\/\/adelinamustcomeback.de\/?page_id=38"},"modified":"2023-02-06T11:55:51","modified_gmt":"2023-02-06T11:55:51","slug":"impressum","status":"publish","type":"page","link":"https:\/\/adelinamustcomeback.de\/?page_id=38","title":{"rendered":"Impressum"},"content":{"rendered":"<table width=\"484\">\n<tbody>\n<tr>\n<td width=\"102\"><strong>Datum<\/strong><\/td>\n<td width=\"191\"><strong>Pfarrbereich M\u00fchlberg<\/strong><\/td>\n<td width=\"191\"><strong>Pfarrbereich Seebergen<\/strong><\/td>\n<\/tr>\n<tr>\n<td width=\"102\"><strong>04.12.<\/strong><strong>So<\/strong><\/p>\n<p><strong>2.Advent<\/strong><\/td>\n<td width=\"191\">10:00 Uhr M\u00fchlberg<\/td>\n<td width=\"191\">09:30 Uhr G\u00fcnthersleben<\/p>\n<p>14:00 Uhr Grabsleben<\/td>\n<\/tr>\n<tr>\n<td width=\"102\"><strong>06.12. <\/strong><strong>Di<\/strong><\/p>\n<p><strong>Nikolaustag<\/strong><\/td>\n<td width=\"191\">17:00 Uhr R\u00f6hrensee<\/p>\n<p>Posaunenchor<\/td>\n<td width=\"191\">17:00 Uhr Seebergen<\/p>\n<p>Adventssingen mit Bischof Nikolaus<\/td>\n<\/tr>\n<tr>\n<td width=\"102\"><strong>11.12. <\/strong><strong>So<\/strong><\/p>\n<p><strong>3.Advent<\/strong><\/td>\n<td width=\"191\">10:00 Uhr Wechmar<\/p>\n<p>14:00 Uhr M\u00fchlberg<\/p>\n<p>Musikalischer Gottesdienst mit<\/p>\n<p>anschlie\u00dfendem Kaffeetrinken<\/td>\n<td width=\"191\">17:00 Uhr Seebergen<\/p>\n<p>Lichtergottesdienst<\/td>\n<\/tr>\n<tr>\n<td width=\"102\"><strong>18.12. <\/strong><strong>So<\/strong><\/p>\n<p><strong>4.Advent<\/strong><\/td>\n<td width=\"191\">09:30 Uhr M\u00fchlberg<\/p>\n<p>11:00 Uhr Schwabhausen<\/p>\n<p>16:00 Uhr Wechmar<\/p>\n<p>mit Krippenspiel<\/p>\n<p>16:30 Uhr Schwabhausen<\/p>\n<p>Kleines Adventskonzert pr\u00e4sentiert<\/p>\n<p>von Familie Spittel<\/td>\n<td width=\"191\">10:00 Uhr G\u00fcnthersleben<\/p>\n<p>Musikalische Andacht<\/td>\n<\/tr>\n<tr>\n<td width=\"102\"><strong>24.12. <\/strong><strong>Sa<\/strong><\/p>\n<p><strong>Heiligabend<\/strong><\/td>\n<td width=\"191\"><u>Christvesper<\/u><\/p>\n<p>15:00 Uhr M\u00fchlberg<\/p>\n<p>16:30 Uhr Wechmar<\/p>\n<p>16:30 Uhr R\u00f6hrensee<\/p>\n<p>17:30 Uhr Schwabhausen<\/p>\n<p><u>Sp\u00e4tandachten<\/u><\/p>\n<p>21:00 Uhr Schwabhausen<\/p>\n<p>21:00 Uhr M\u00fchlberg<\/td>\n<td width=\"191\"><u>Gottesdienste mit Krippenspiel<\/u><\/p>\n<p>14:30 Uhr Grabsleben (Denner)<\/p>\n<p>15:00 Uhr Cobst\u00e4dt (Land)<\/p>\n<p>16:00 Uhr Seebergen (Denner)<\/p>\n<p>16:30 Uhr G\u00fcnthersleben (Land)<\/p>\n<p>16:30 Uhr T\u00fcttleben (Elflein)<\/p>\n<p>17:30 Uhr Gamst\u00e4dt (Denner)<\/p>\n<p>21:00 Uhr Seebergen<\/p>\n<p>Andacht f\u00fcr Weihnachtssucher<\/td>\n<\/tr>\n<tr>\n<td width=\"102\"><strong>25.12. <\/strong><strong>So<\/strong><\/p>\n<p><strong>1.Weihnachtstag<\/strong><\/td>\n<td width=\"191\">10:00 Uhr M\u00fchlberg<\/td>\n<td width=\"191\">&nbsp;<\/td>\n<\/tr>\n<tr>\n<td width=\"102\"><strong>26.12. <\/strong><strong>Mo<\/strong><\/p>\n<p><strong>2. Weihnachtstag<\/strong><\/td>\n<td width=\"191\">10:00 Uhr Wechmar<\/p>\n<p>11:00 Uhr Schwabhausen<\/td>\n<td width=\"191\">10:00 Uhr G\u00fcnthersleben<\/p>\n<p>Musikalischer Gottesdienst<\/td>\n<\/tr>\n<\/tbody>\n<\/table>\n","protected":false},"excerpt":{"rendered":"<p>Datum Pfarrbereich M\u00fchlberg Pfarrbereich Seebergen 04.12.So 2.Advent 10:00 Uhr M\u00fchlberg 09:30 Uhr G\u00fcnthersleben 14:00 Uhr Grabsleben 06.12. Di Nikolaustag 17:00 Uhr R\u00f6hrensee Posaunenchor 17:00 Uhr Seebergen Adventssingen mit Bischof Nikolaus 11.12. So 3.Advent 10:00 Uhr Wechmar 14:00 Uhr M\u00fchlberg Musikalischer Gottesdienst mit anschlie\u00dfendem Kaffeetrinken 17:00 Uhr Seebergen Lichtergottesdienst 18.12. So 4.Advent 09:30 Uhr M\u00fchlberg 11:00 &hellip; <\/p>\n<p class=\"link-more\"><a href=\"https:\/\/adelinamustcomeback.de\/?page_id=38\" class=\"more-link\"><span class=\"screen-reader-text\">\u201eImpressum\u201c<\/span> weiterlesen<\/a><\/p>\n","protected":false},"author":1,"featured_media":0,"parent":0,"menu_order":0,"comment_status":"closed","ping_status":"closed","template":"","meta":{"_mi_skip_tracking":false},"_links":{"self":[{"href":"https:\/\/adelinamustcomeback.de\/index.php?rest_route=\/wp\/v2\/pages\/38"}],"collection":[{"href":"https:\/\/adelinamustcomeback.de\/index.php?rest_route=\/wp\/v2\/pages"}],"about":[{"href":"https:\/\/adelinamustcomeback.de\/index.php?rest_route=\/wp\/v2\/types\/page"}],"author":[{"embeddable":true,"href":"https:\/\/adelinamustcomeback.de\/index.php?rest_route=\/wp\/v2\/users\/1"}],"replies":[{"embeddable":true,"href":"https:\/\/adelinamustcomeback.de\/index.php?rest_route=%2Fwp%2Fv2%2Fcomments&post=38"}],"version-history":[{"count":3,"href":"https:\/\/adelinamustcomeback.de\/index.php?rest_route=\/wp\/v2\/pages\/38\/revisions"}],"predecessor-version":[{"id":167,"href":"https:\/\/adelinamustcomeback.de\/index.php?rest_route=\/wp\/v2\/pages\/38\/revisions\/167"}],"wp:attachment":[{"href":"https:\/\/adelinamustcomeback.de\/index.php?rest_route=%2Fwp%2Fv2%2Fmedia&parent=38"}],"curies":[{"name":"wp","href":"https:\/\/api.w.org\/{rel}","templated":true}]}}